{"id":12,"date":"2023-04-04T17:06:26","date_gmt":"2023-04-04T17:06:26","guid":{"rendered":"https:\/\/nucleoingenieria.cl\/?page_id=12"},"modified":"2023-04-05T01:38:47","modified_gmt":"2023-04-05T01:38:47","slug":"quienes-somos","status":"publish","type":"page","link":"https:\/\/nucleoingenieria.cl\/?page_id=12","title":{"rendered":"QUIENES SOMOS"},"content":{"rendered":"\n<figure class=\"wp-block-image aligncenter size-large\"><img loading=\"lazy\" decoding=\"async\" width=\"1024\" height=\"418\" src=\"https:\/\/nucleoingenieria.cl\/wp-content\/uploads\/2023\/04\/03-1024x418.jpg\" alt=\"\" class=\"wp-image-72\" srcset=\"https:\/\/nucleoingenieria.cl\/wp-content\/uploads\/2023\/04\/03-1024x418.jpg 1024w, https:\/\/nucleoingenieria.cl\/wp-content\/uploads\/2023\/04\/03-300x122.jpg 300w, https:\/\/nucleoingenieria.cl\/wp-content\/uploads\/2023\/04\/03-768x314.jpg 768w, https:\/\/nucleoingenieria.cl\/wp-content\/uploads\/2023\/04\/03.jpg 1129w\" sizes=\"auto, (max-width: 1024px) 100vw, 1024px\" \/><\/figure>\n\n\n\n<p class=\"has-text-align-justify\">N\u00facleo Ingenier\u00eda nace con la idea de poner a disposici\u00f3n de las empresas, nacionales y extranjeras, el conocimiento adquirido por sus socios en casi 20 a\u00f1os de trayectoria, y que abarca diferentes \u00e1reas de la ingenier\u00eda permitiendo abordar proyectos y servicios en un amplio rango de requerimientos como pueden ser el dise\u00f1o, adquisici\u00f3n, construcci\u00f3n, montaje, operaci\u00f3n, escalamiento, cumplimiento legal y normativo, en el marco de la mejora continua y sustentabilidad de los procesos y operaciones.<br>Nuestro objetivo es apoyar a las empresas en la resoluci\u00f3n de sus problemas, como tambi\u00e9n en la concreci\u00f3n de sus ideas y metas de crecimiento y mejora operacional.<\/p>\n","protected":false},"excerpt":{"rendered":"<p>N\u00facleo Ingenier\u00eda nace con la idea de poner a disposici\u00f3n de las empresas, nacionales y extranjeras, el conocimiento adquirido por sus socios en casi 20 a\u00f1os de trayectoria, y que abarca diferentes \u00e1reas de la ingenier\u00eda permitiendo abordar proyectos y servicios en un amplio rango de requerimientos como pueden ser el dise\u00f1o, adquisici\u00f3n, construcci\u00f3n, montaje, [&hellip;]<\/p>\n","protected":false},"author":1,"featured_media":0,"parent":0,"menu_order":0,"comment_status":"closed","ping_status":"closed","template":"","meta":{"footnotes":""},"class_list":["post-12","page","type-page","status-publish","hentry"],"jetpack_sharing_enabled":true,"_links":{"self":[{"href":"https:\/\/nucleoingenieria.cl\/index.php?rest_route=\/wp\/v2\/pages\/12","targetHints":{"allow":["GET"]}}],"collection":[{"href":"https:\/\/nucleoingenieria.cl\/index.php?rest_route=\/wp\/v2\/pages"}],"about":[{"href":"https:\/\/nucleoingenieria.cl\/index.php?rest_route=\/wp\/v2\/types\/page"}],"author":[{"embeddable":true,"href":"https:\/\/nucleoingenieria.cl\/index.php?rest_route=\/wp\/v2\/users\/1"}],"replies":[{"embeddable":true,"href":"https:\/\/nucleoingenieria.cl\/index.php?rest_route=%2Fwp%2Fv2%2Fcomments&post=12"}],"version-history":[{"count":3,"href":"https:\/\/nucleoingenieria.cl\/index.php?rest_route=\/wp\/v2\/pages\/12\/revisions"}],"predecessor-version":[{"id":112,"href":"https:\/\/nucleoingenieria.cl\/index.php?rest_route=\/wp\/v2\/pages\/12\/revisions\/112"}],"wp:attachment":[{"href":"https:\/\/nucleoingenieria.cl\/index.php?rest_route=%2Fwp%2Fv2%2Fmedia&parent=12"}],"curies":[{"name":"wp","href":"https:\/\/api.w.org\/{rel}","templated":true}]}}