{"id":13,"date":"2023-04-04T17:06:26","date_gmt":"2023-04-04T17:06:26","guid":{"rendered":"https:\/\/nucleoingenieria.cl\/?page_id=13"},"modified":"2023-04-05T01:37:43","modified_gmt":"2023-04-05T01:37:43","slug":"lineas-de-trabajo","status":"publish","type":"page","link":"https:\/\/nucleoingenieria.cl\/?page_id=13","title":{"rendered":"LINEAS DE TRABAJO"},"content":{"rendered":"\n<figure class=\"wp-block-image aligncenter size-large\"><img loading=\"lazy\" decoding=\"async\" width=\"1024\" height=\"418\" src=\"https:\/\/nucleoingenieria.cl\/wp-content\/uploads\/2023\/04\/02-1024x418.jpg\" alt=\"\" class=\"wp-image-61\" srcset=\"https:\/\/nucleoingenieria.cl\/wp-content\/uploads\/2023\/04\/02-1024x418.jpg 1024w, https:\/\/nucleoingenieria.cl\/wp-content\/uploads\/2023\/04\/02-300x122.jpg 300w, https:\/\/nucleoingenieria.cl\/wp-content\/uploads\/2023\/04\/02-768x314.jpg 768w, https:\/\/nucleoingenieria.cl\/wp-content\/uploads\/2023\/04\/02.jpg 1129w\" sizes=\"auto, (max-width: 1024px) 100vw, 1024px\" \/><\/figure>\n\n\n\n<p class=\"has-dark-gray-color has-text-color has-large-font-size\"><strong>Ingenier\u00eda<\/strong><\/p>\n\n\n\n<p class=\"has-text-align-justify\">Desarrollamos proyectos de ingenier\u00eda en base a requerimientos de nuestros clientes, pudiendo abarcar desde la ingenier\u00eda b\u00e1sica a ingenier\u00eda de detalles. Realizamos el dise\u00f1o de equipos y procesos, apoyamos procesos de selecci\u00f3n de equipamiento, escalamiento productivo, montaje y puesta en marcha, elaboramos diagramas de proceso y planos de planta, realizamos la ingenier\u00eda b\u00e1sica del proyecto, pudiendo abordar procesos de cotizaci\u00f3n, dise\u00f1o, construcci\u00f3n y montaje, como tambi\u00e9n la elaboraci\u00f3n de documentaci\u00f3n de apoyo (instructivos, procedimientos), planes de mantenci\u00f3n y actividades de capacitaci\u00f3n y entrenamiento al personal operativo, entre otros.<br>Junto a lo anterior prestamos asesor\u00eda para la certificaci\u00f3n de equipos como calderas y asesor\u00edas de eficiencia energ\u00e9tica.<\/p>\n\n\n\n<p class=\"has-large-font-size\"><strong>Asesor\u00eda ambiental y Econom\u00eda circular<\/strong><\/p>\n\n\n\n<p class=\"has-text-align-justify\">Prestamos servicios de asesor\u00eda ambiental que comprenden el diagn\u00f3stico de cumplimiento legal y propuestas de mejora (Ley 20920 o Ley REP de Residuos, DS 148 Reglamento de residuos peligrosos, DS 43 Reglamento de almacenamiento de sustancias peligrosas, DS 40 Reglamento del SEIA, DS 1 Reglamento del RETC, entre otros), inventarios de residuos y\/o de sustancias peligrosas, declaraciones de emisiones en plataformas ambientales (SIDREP, SINADER, RUEA, RFP, DASUSPEL), planes de manejo de residuos y de sustancias qu\u00edmicas, informes ambientales sectoriales, apoyo en elaboraci\u00f3n de respuesta a sumarios y\/o fiscalizaci\u00f3n de la autoridad ambiental y de salud.<br>Desarrollo de estudios de valorizaci\u00f3n de residuos y de potencial de aplicaci\u00f3n de econom\u00eda circular lo cual incluye diagn\u00f3stico, tecnolog\u00edas disponibles, legislaci\u00f3n aplicable, factibilidad de reciclaje, evaluaci\u00f3n t\u00e9cnico econ\u00f3mica del proceso productivo.<\/p>\n\n\n\n<p class=\"has-large-font-size\"><strong>Investigaci\u00f3n y Desarrollo<\/strong><\/p>\n\n\n\n<p class=\"has-text-align-justify\">Asesoramos en la b\u00fasqueda de fondos concursables que le permitan obtener recursos para buscar soluciones o concretar ideas para mejorar procesos productivos. Apoyamos la formulaci\u00f3n y postulaci\u00f3n de proyectos de I+D, buscando la mejor alternativa de financiamiento. Junto a lo anterior, contamos con profesionales con amplia experiencia en la administraci\u00f3n, rendici\u00f3n financiera y t\u00e9cnica, de proyectos de I+D, como tambi\u00e9n en la ejecuci\u00f3n de aspectos t\u00e9cnicos de los proyectos tales como planificaci\u00f3n de tareas, ejecuci\u00f3n de actividades que permitan obtener los resultados deseados, ingenier\u00eda, estudios de mercado y de factibilidad t\u00e9cnica, econ\u00f3mica y ambiental.<\/p>\n","protected":false},"excerpt":{"rendered":"<p>Ingenier\u00eda Desarrollamos proyectos de ingenier\u00eda en base a requerimientos de nuestros clientes, pudiendo abarcar desde la ingenier\u00eda b\u00e1sica a ingenier\u00eda de detalles. Realizamos el dise\u00f1o de equipos y procesos, apoyamos procesos de selecci\u00f3n de equipamiento, escalamiento productivo, montaje y puesta en marcha, elaboramos diagramas de proceso y planos de planta, realizamos la ingenier\u00eda b\u00e1sica del [&hellip;]<\/p>\n","protected":false},"author":1,"featured_media":0,"parent":0,"menu_order":0,"comment_status":"closed","ping_status":"closed","template":"","meta":{"footnotes":""},"class_list":["post-13","page","type-page","status-publish","hentry"],"jetpack_sharing_enabled":true,"_links":{"self":[{"href":"https:\/\/nucleoingenieria.cl\/index.php?rest_route=\/wp\/v2\/pages\/13","targetHints":{"allow":["GET"]}}],"collection":[{"href":"https:\/\/nucleoingenieria.cl\/index.php?rest_route=\/wp\/v2\/pages"}],"about":[{"href":"https:\/\/nucleoingenieria.cl\/index.php?rest_route=\/wp\/v2\/types\/page"}],"author":[{"embeddable":true,"href":"https:\/\/nucleoingenieria.cl\/index.php?rest_route=\/wp\/v2\/users\/1"}],"replies":[{"embeddable":true,"href":"https:\/\/nucleoingenieria.cl\/index.php?rest_route=%2Fwp%2Fv2%2Fcomments&post=13"}],"version-history":[{"count":4,"href":"https:\/\/nucleoingenieria.cl\/index.php?rest_route=\/wp\/v2\/pages\/13\/revisions"}],"predecessor-version":[{"id":110,"href":"https:\/\/nucleoingenieria.cl\/index.php?rest_route=\/wp\/v2\/pages\/13\/revisions\/110"}],"wp:attachment":[{"href":"https:\/\/nucleoingenieria.cl\/index.php?rest_route=%2Fwp%2Fv2%2Fmedia&parent=13"}],"curies":[{"name":"wp","href":"https:\/\/api.w.org\/{rel}","templated":true}]}}