{"id":35,"date":"2023-04-04T17:16:07","date_gmt":"2023-04-04T17:16:07","guid":{"rendered":"https:\/\/nucleoingenieria.cl\/?page_id=35"},"modified":"2023-04-05T01:38:20","modified_gmt":"2023-04-05T01:38:20","slug":"inicio-2","status":"publish","type":"page","link":"https:\/\/nucleoingenieria.cl\/","title":{"rendered":"INICIO"},"content":{"rendered":"\n<figure class=\"wp-block-image aligncenter size-large\"><img loading=\"lazy\" decoding=\"async\" width=\"1024\" height=\"418\" src=\"https:\/\/nucleoingenieria.cl\/wp-content\/uploads\/2023\/04\/01-1024x418.jpg\" alt=\"\" class=\"wp-image-31\" srcset=\"https:\/\/nucleoingenieria.cl\/wp-content\/uploads\/2023\/04\/01-1024x418.jpg 1024w, https:\/\/nucleoingenieria.cl\/wp-content\/uploads\/2023\/04\/01-300x122.jpg 300w, https:\/\/nucleoingenieria.cl\/wp-content\/uploads\/2023\/04\/01-768x314.jpg 768w, https:\/\/nucleoingenieria.cl\/wp-content\/uploads\/2023\/04\/01.jpg 1129w\" sizes=\"auto, (max-width: 1024px) 100vw, 1024px\" \/><\/figure>\n\n\n\n<p class=\"has-text-align-justify\"><strong>MISI\u00d3N<\/strong><br>Proporcionar servicios de ingenier\u00eda que, mediante la incorporaci\u00f3n de aspectos ambientales y de I+D, den soluciones a las organizaciones, satisfagan sus necesidades y expectativas, logrando el crecimiento productivo y la sustentabilidad en sus operaciones.<\/p>\n\n\n\n<p class=\"has-text-align-justify\"><br><strong>VISI\u00d3N<\/strong><br>Ser un apoyo para nuestros clientes, proveyendo un servicio de calidad, vinculado a sus objetivos y comprometido con la soluci\u00f3n de sus requerimientos.<\/p>\n","protected":false},"excerpt":{"rendered":"<p>MISI\u00d3NProporcionar servicios de ingenier\u00eda que, mediante la incorporaci\u00f3n de aspectos ambientales y de I+D, den soluciones a las organizaciones, satisfagan sus necesidades y expectativas, logrando el crecimiento productivo y la sustentabilidad en sus operaciones. VISI\u00d3NSer un apoyo para nuestros clientes, proveyendo un servicio de calidad, vinculado a sus objetivos y comprometido con la soluci\u00f3n de [&hellip;]<\/p>\n","protected":false},"author":1,"featured_media":31,"parent":0,"menu_order":0,"comment_status":"closed","ping_status":"closed","template":"","meta":{"footnotes":""},"class_list":["post-35","page","type-page","status-publish","has-post-thumbnail","hentry"],"jetpack_sharing_enabled":true,"_links":{"self":[{"href":"https:\/\/nucleoingenieria.cl\/index.php?rest_route=\/wp\/v2\/pages\/35","targetHints":{"allow":["GET"]}}],"collection":[{"href":"https:\/\/nucleoingenieria.cl\/index.php?rest_route=\/wp\/v2\/pages"}],"about":[{"href":"https:\/\/nucleoingenieria.cl\/index.php?rest_route=\/wp\/v2\/types\/page"}],"author":[{"embeddable":true,"href":"https:\/\/nucleoingenieria.cl\/index.php?rest_route=\/wp\/v2\/users\/1"}],"replies":[{"embeddable":true,"href":"https:\/\/nucleoingenieria.cl\/index.php?rest_route=%2Fwp%2Fv2%2Fcomments&post=35"}],"version-history":[{"count":5,"href":"https:\/\/nucleoingenieria.cl\/index.php?rest_route=\/wp\/v2\/pages\/35\/revisions"}],"predecessor-version":[{"id":111,"href":"https:\/\/nucleoingenieria.cl\/index.php?rest_route=\/wp\/v2\/pages\/35\/revisions\/111"}],"wp:featuredmedia":[{"embeddable":true,"href":"https:\/\/nucleoingenieria.cl\/index.php?rest_route=\/wp\/v2\/media\/31"}],"wp:attachment":[{"href":"https:\/\/nucleoingenieria.cl\/index.php?rest_route=%2Fwp%2Fv2%2Fmedia&parent=35"}],"curies":[{"name":"wp","href":"https:\/\/api.w.org\/{rel}","templated":true}]}}